{"id":8,"date":"2025-11-01T09:09:25","date_gmt":"2025-11-01T09:09:25","guid":{"rendered":"http:\/\/wecat.vn\/?page_id=8"},"modified":"2025-11-05T03:40:31","modified_gmt":"2025-11-05T03:40:31","slug":"elementor-8","status":"publish","type":"page","link":"https:\/\/wecat.vn\/","title":{"rendered":"Elementor #8"},"content":{"rendered":"\n<div class=\"slider-wrapper relative\" id=\"slider-1130802113\" >\n    <div class=\"slider slider-nav-circle slider-nav-large slider-nav-light slider-style-normal slider-show-nav\"\n        data-flickity-options='{\n            \"cellAlign\": \"center\",\n            \"imagesLoaded\": true,\n            \"lazyLoad\": 1,\n            \"freeScroll\": false,\n            \"wrapAround\": true,\n            \"autoPlay\": 6000,\n            \"pauseAutoPlayOnHover\" : true,\n            \"prevNextButtons\": true,\n            \"contain\" : true,\n            \"adaptiveHeight\" : true,\n            \"dragThreshold\" : 10,\n            \"percentPosition\": true,\n            \"pageDots\": false,\n            \"rightToLeft\": false,\n            \"draggable\": true,\n            \"selectedAttraction\": 0.1,\n            \"parallax\" : 0,\n            \"friction\": 0.6        }'\n        >\n        \n\n\n  <div class=\"banner has-hover is-full-height\" id=\"banner-1510498031\">\n          <div class=\"banner-inner fill\">\n        <div class=\"banner-bg fill\" >\n                                    <div class=\"overlay\"><\/div>            \n                    <\/div>\n\t\t\n        <div class=\"banner-layers container\">\n            <div class=\"fill banner-link\"><\/div>            \n\n   <div id=\"text-box-2115944718\" class=\"text-box banner-layer x10 md-x10 lg-x10 y90 md-y15 lg-y15 res-text\">\n                     <div data-animate=\"fadeInLeft\">           <div class=\"text-box-content text dark text-shadow-1\">\n              \n              <div class=\"text-inner text-center\">\n                  \n\n\t<div id=\"text-1534079856\" class=\"text\">\n\t\t\n\n<h1 class=\"alt-font\"><strong>Ch\u00e0o m\u1eebng \u0111\u1ebfn v\u1edbi Wecat!!!<\/strong><\/h1>\n<p class=\"alt-font\">M\u1ed9t ti\u1ec7m \u00e1o thun nh\u1ecf \u1edf 1 th\u1ecb tr\u1ea5n xinh \u0111\u1eb9p<\/p>\n<p>\u00a0<\/p>\n\t\t\n<style>\n#text-1534079856 {\n  font-size: 1.4rem;\n}\n<\/style>\n\t<\/div>\n\t\n\n              <\/div>\n           <\/div>\n       <\/div>                     \n<style>\n#text-box-2115944718 {\n  width: 85%;\n}\n#text-box-2115944718 .text-box-content {\n  font-size: 100%;\n}\n@media (min-width:550px) {\n  #text-box-2115944718 {\n    width: 52%;\n  }\n}\n@media (min-width:850px) {\n  #text-box-2115944718 {\n    width: 56%;\n  }\n}\n<\/style>\n    <\/div>\n \n\n        <\/div>\n      <\/div>\n\n            \n<style>\n#banner-1510498031 {\n  padding-top: 100%;\n}\n#banner-1510498031 .overlay {\n  background-color: rgba(0, 0, 0, 0.3);\n}\n<\/style>\n  <\/div>\n\n\n\n  <div class=\"banner has-hover is-full-height\" id=\"banner-216282457\">\n          <div class=\"banner-inner fill\">\n        <div class=\"banner-bg fill\" >\n                                    <div class=\"overlay\"><\/div>            \n                    <\/div>\n\t\t\n        <div class=\"banner-layers container\">\n            <div class=\"fill banner-link\"><\/div>            \n\n   <div id=\"text-box-1829124579\" class=\"text-box banner-layer x50 md-x5 lg-x50 y15 md-y25 lg-y25 res-text\">\n                     <div data-animate=\"fadeInLeft\">           <div class=\"text-box-content text dark text-shadow-1\">\n              \n              <div class=\"text-inner text-center\">\n                  \n\n\t<div id=\"text-3049337331\" class=\"text\">\n\t\t\n\n<h2 class=\"alt-font\"><strong>Team H\u00e0 N\u1ed9i<\/strong><\/h2>\n<p class=\"alt-font\">Team v\u00f4 c\u00f9ng d\u1ec5 th\u01b0\u01a1ng \u0111\u1ebfn t\u1eeb th\u1ee7 \u0111\u00f4!<\/p>\n<p class=\"alt-font\">\u00a0<\/p>\n\t\t\n<style>\n#text-3049337331 {\n  font-size: 2rem;\n  line-height: 1.45;\n}\n<\/style>\n\t<\/div>\n\t\n\n              <\/div>\n           <\/div>\n       <\/div>                     \n<style>\n#text-box-1829124579 {\n  width: 85%;\n}\n#text-box-1829124579 .text-box-content {\n  font-size: 100%;\n}\n@media (min-width:550px) {\n  #text-box-1829124579 {\n    width: 52%;\n  }\n}\n@media (min-width:850px) {\n  #text-box-1829124579 {\n    width: 63%;\n  }\n}\n<\/style>\n    <\/div>\n \n\n        <\/div>\n      <\/div>\n\n            \n<style>\n#banner-216282457 {\n  padding-top: 100%;\n}\n#banner-216282457 .overlay {\n  background-color: rgba(0, 0, 0, 0.3);\n}\n<\/style>\n  <\/div>\n\n\n\n     <\/div>\n\n     <div class=\"loading-spin dark large centered\"><\/div>\n\n\t\n<style>\n#slider-1130802113 .flickity-slider > * {\n  max-width: 100%!important;\n}\n<\/style>\n<\/div>\n\n\n<div class=\"row row-full-width align-middle\"  id=\"row-2066942640\">\n\n\n\t<div id=\"col-1975969597\" class=\"col medium-3 small-12 large-3\"  >\n\t\t\t\t<div class=\"col-inner\"  >\n\t\t\t\n\t\t\t\n\n\t<div id=\"text-870459787\" class=\"text\">\n\t\t\n\n<h1 class=\"alt-font\" data-animate=\"fadeInRight\"><strong>Ch\u1ecdn<\/strong><br \/><strong>Ngh\u1ec1<\/strong><br \/><strong>Nghi\u1ec7p<\/strong><\/h1>\n\t\t\n<style>\n#text-870459787 {\n  font-size: 4rem;\n  line-height: 1.7;\n  color: rgb(0, 0, 0);\n}\n#text-870459787 > * {\n  color: rgb(0, 0, 0);\n}\n<\/style>\n\t<\/div>\n\t\n\n\t\t<\/div>\n\t\t\t\t\t<\/div>\n\n\t\n\n\t<div id=\"col-2133890175\" class=\"col medium-4 small-12 large-4\"  >\n\t\t\t\t<div class=\"col-inner\"  >\n\t\t\t\n\t\t\t\n\n    <div class=\"box has-hover has-hover box-vertical box-text-bottom\" >\n\n                  <div class=\"box-image image-zoom image-overlay-add\" >\n           <div class=\"box-image-inner image-cover\" style=\"border-radius:100%;padding-top:100%;\">\n              <img loading=\"lazy\" decoding=\"async\" width=\"480\" height=\"480\" src=\"https:\/\/wecat.vn\/wp-content\/uploads\/2025\/11\/Art-Illustration-GIF-by-Pudgy-Penguins.gif\" class=\"attachment- size-\" alt=\"\" \/>                         <\/div>\n          <\/div>\n         \n          <div class=\"box-text show-on-hover hover-bounce text-left is-large\" style=\"background-color:rgb(255, 255, 255);\">\n                <div class=\"box-text-inner\">\n                  <h4 class=\"uppercase\">\n                    <span class=\"person-name\">Designer<\/span><br\/>\n                    <span class=\"person-title is-small thin-font op-7\">\n                      Thie\u0302\u0301t ke\u0302\u0301 c\u00e1c sa\u0309n pha\u0302\u0309m in a\u0302\u0301n theo y\u00eau ca\u0302\u0300u d\u00e0nh cho thi\u0323 tru\u031bo\u031b\u0300ng nu\u031bo\u031b\u0301c ngo\u00e0i                    <\/span>\n                  <\/h4>\n\t\t\t\t\t\n\n<a href=\"https:\/\/wecat.vn\/index.php\/tuyen-dung\/\" class=\"button primary box-shadow-2 lowercase expand\" style=\"border-radius:58px;\">\n\t\t<span>\u1ee8ng tuy\u1ec3n<\/span>\n\t<\/a>\n\n\n\n                <\/div>\n          <\/div>\n    <\/div>\n\n\t\n    \n\n\t\t<\/div>\n\t\t\t\t\t<\/div>\n\n\t\n\n\t<div id=\"col-2035111286\" class=\"col medium-4 small-12 large-4\"  >\n\t\t\t\t<div class=\"col-inner\"  >\n\t\t\t\n\t\t\t\n\n    <div class=\"box has-hover has-hover box-vertical box-text-bottom\" >\n\n                  <div class=\"box-image image-zoom image-overlay-add\" >\n           <div class=\"box-image-inner image-cover\" style=\"border-radius:100%;padding-top:100%;\">\n              <img loading=\"lazy\" decoding=\"async\" width=\"480\" height=\"480\" src=\"https:\/\/wecat.vn\/wp-content\/uploads\/2025\/11\/Work-Yes-GIF-by-Pudgy-Penguins.gif\" class=\"attachment-medium_large size-medium_large\" alt=\"\" \/>                         <\/div>\n          <\/div>\n         \n          <div class=\"box-text show-on-hover hover-bounce text-left is-large\" style=\"background-color:rgba(0, 0, 0, 0);\">\n                <div class=\"box-text-inner\">\n                  <h4 class=\"uppercase\">\n                    <span class=\"person-name\">IDEA RESEARCH<\/span><br\/>\n                    <span class=\"person-title is-small thin-font op-7\">\n                      T\u00ecm hi\u1ec3u v\u00e0 nghi\u00ean c\u1ee9u nhu c\u1ea7u c\u1ee7a kh\u00e1ch h\u00e0ng (M\u1ef9 v\u00e0 Ch\u00e2u \u00c2u)                    <\/span>\n                  <\/h4>\n\t\t\t\t\t\n\n<a href=\"https:\/\/wecat.vn\/index.php\/tuyen-dung\/\" class=\"button primary box-shadow-2 lowercase expand\" style=\"border-radius:58px;\">\n\t\t<span>\u1ee8ng tuy\u1ec3n<\/span>\n\t<\/a>\n\n\n\n                <\/div>\n          <\/div>\n    <\/div>\n\n\t\n    \n\n\t\t<\/div>\n\t\t\t\t\t<\/div>\n\n\t\n\n\t<div id=\"col-1770620599\" class=\"col medium-4 small-12 large-4\"  >\n\t\t\t\t<div class=\"col-inner\"  >\n\t\t\t\n\t\t\t\n\n    <div class=\"box has-hover has-hover box-vertical box-text-bottom\" >\n\n                  <div class=\"box-image image-zoom image-overlay-add\" >\n           <div class=\"box-image-inner image-cover\" style=\"border-radius:100%;padding-top:100%;\">\n              <img loading=\"lazy\" decoding=\"async\" width=\"480\" height=\"480\" src=\"https:\/\/wecat.vn\/wp-content\/uploads\/2025\/11\/Art-Illustrate-GIF-by-Pudgy-Penguins.gif\" class=\"attachment-medium_large size-medium_large\" alt=\"\" \/>                         <\/div>\n          <\/div>\n         \n          <div class=\"box-text show-on-hover hover-bounce text-left is-large\" style=\"background-color:rgba(0, 0, 0, 0);\">\n                <div class=\"box-text-inner\">\n                  <h4 class=\"uppercase\">\n                    <span class=\"person-name\">H\u1ecdc vi\u1ec7c Designer<\/span><br\/>\n                    <span class=\"person-title is-small thin-font op-7\">\n                      Kh\u00f4ng y\u00eau c\u1ea7u kinh nghi\u1ec7m \u1edf v\u1ecb tr\u00ed t\u01b0\u01a1ng \u0111\u01b0\u01a1ng, s\u1ebd \u0111\u01b0\u1ee3c \u0111\u00e0o t\u1ea1o chuy\u00ean s\u00e2u v\u1ec1 thi\u1ebft k\u1ebf                    <\/span>\n                  <\/h4>\n\t\t\t\t\t\n\n<a href=\"https:\/\/wecat.vn\/index.php\/tuyen-dung\/\" class=\"button primary box-shadow-2 lowercase expand\" style=\"border-radius:58px;\">\n\t\t<span>\u1ee8ng tuy\u1ec3n<\/span>\n\t<\/a>\n\n\n\n                <\/div>\n          <\/div>\n    <\/div>\n\n\t\n    \n\n\t\t<\/div>\n\t\t\t\t\t<\/div>\n\n\t\n\n\t<div id=\"col-1808149058\" class=\"col medium-4 small-12 large-4\"  >\n\t\t\t\t<div class=\"col-inner\"  >\n\t\t\t\n\t\t\t\n\n    <div class=\"box has-hover has-hover box-vertical box-text-bottom\" >\n\n                  <div class=\"box-image image-zoom image-overlay-add\" >\n           <div class=\"box-image-inner image-cover\" style=\"border-radius:100%;padding-top:100%;\">\n              <img loading=\"lazy\" decoding=\"async\" width=\"480\" height=\"480\" src=\"https:\/\/wecat.vn\/wp-content\/uploads\/2025\/11\/Penguin-Computer-GIF-by-Pudgy-Penguins.gif\" class=\"attachment-medium_large size-medium_large\" alt=\"\" \/>                         <\/div>\n          <\/div>\n         \n          <div class=\"box-text show-on-hover hover-bounce text-left\" style=\"background-color:rgba(0, 0, 0, 0);\">\n                <div class=\"box-text-inner\">\n                  <h4 class=\"uppercase\">\n                    <span class=\"person-name\">SELLER AMAZON(c\u00f3 kinh nghi\u1ec7m 6 th\u00e1ng tr\u1edf l\u00ean)<\/span><br\/>\n                    <span class=\"person-title is-small thin-font op-7\">\n                      Nghi\u00ean c\u1ee9u th\u1ecb tr\u01b0\u1eddng v\u00e0 nhu c\u1ea7u c\u1ee7a kh\u00e1ch h\u00e0ng \u1edf c\u00e1c th\u1ecb tr\u01b0\u1eddng M\u1ef9, EU, Canada...                    <\/span>\n                  <\/h4>\n\t\t\t\t\t\n\n<a href=\"https:\/\/wecat.vn\/index.php\/tuyen-dung\/\" class=\"button primary box-shadow-2 lowercase expand\" style=\"border-radius:58px;\">\n\t\t<span>\u1ee8ng tuy\u1ec3n<\/span>\n\t<\/a>\n\n\n\n                <\/div>\n          <\/div>\n    <\/div>\n\n\t\n    \n\n\t\t<\/div>\n\t\t\t\t\t<\/div>\n\n\t\n\n\t<div id=\"col-1963088784\" class=\"col medium-4 small-12 large-4\"  >\n\t\t\t\t<div class=\"col-inner\"  >\n\t\t\t\n\t\t\t\n\n    <div class=\"box has-hover has-hover box-vertical box-text-bottom\" >\n\n                  <div class=\"box-image image-zoom image-overlay-add\" style=\"width:93%;\">\n           <div class=\"box-image-inner image-cover\" style=\"border-radius:100%;padding-top:100%;\">\n              <img loading=\"lazy\" decoding=\"async\" width=\"480\" height=\"480\" src=\"https:\/\/wecat.vn\/wp-content\/uploads\/2025\/11\/Tired-Work-GIF-by-Pudgy-Penguins.gif\" class=\"attachment-medium_large size-medium_large\" alt=\"\" \/>                         <\/div>\n          <\/div>\n         \n          <div class=\"box-text show-on-hover hover-bounce text-left is-large\" style=\"background-color:rgba(0, 0, 0, 0);\">\n                <div class=\"box-text-inner\">\n                  <h4 class=\"uppercase\">\n                    <span class=\"person-name\">FULFILLMENT<\/span><br\/>\n                    <span class=\"person-title is-small thin-font op-7\">\n                      Ki\u1ec3m tra v\u00e0 ho\u00e0n th\u00e0nh \u0111\u01a1n h\u00e0ng.                    <\/span>\n                  <\/h4>\n\t\t\t\t\t\n\n<a href=\"https:\/\/wecat.vn\/index.php\/tuyen-dung\/\" class=\"button primary box-shadow-2 lowercase expand\" style=\"border-radius:58px;\">\n\t\t<span>\u1ee8ng tuy\u1ec3n<\/span>\n\t<\/a>\n\n\n\n                <\/div>\n          <\/div>\n    <\/div>\n\n\t\n    \n\n\t\t<\/div>\n\t\t\t\t\t<\/div>\n\n\t\n\n<\/div>\n\n\t<section class=\"section\" id=\"section_391646276\">\n\t\t<div class=\"section-bg fill\" >\n\t\t\t\t\t\t\t\t\t\n\t\t\t\n\n\t\t<\/div>\n\n\t\t\n\n\t\t<div class=\"section-content relative\">\n\t\t\t\n\n<div class=\"row row-collapse align-center\"  id=\"row-2084931822\">\n\n\n\t<div id=\"col-1295317056\" class=\"col medium-11 small-11 large-12\"  >\n\t\t\t\t<div class=\"col-inner\"  >\n\t\t\t\n\t\t\t\n\n<div class=\"row row-collapse align-equal align-center\"  id=\"row-910432402\">\n\n\n\t<div id=\"col-761557447\" class=\"col medium-12 small-12 large-4\"  >\n\t\t\t\t<div class=\"col-inner\"  >\n\t\t\t\n\t\t\t\n\n\t<div id=\"text-3027852395\" class=\"text\">\n\t\t\n\n<h1 class=\"alt-font\" data-animate=\"fadeInRight\"><b>M\u00f4i tr\u01b0\u1eddng<br \/>th\u00e2n thi\u1ec7n<\/b><\/h1>\n\t\t\n<style>\n#text-3027852395 {\n  font-size: 4rem;\n  line-height: 1.7;\n  color: rgb(0, 0, 0);\n}\n#text-3027852395 > * {\n  color: rgb(0, 0, 0);\n}\n<\/style>\n\t<\/div>\n\t\n\n\t\t<\/div>\n\t\t\t\t\t<\/div>\n\n\t\n\n\t<div id=\"col-2033294503\" class=\"col medium-12 small-12 large-8 medium-col-first\"  >\n\t\t\t\t<div class=\"col-inner text-center\" style=\"background-color:rgb(255, 255, 255);\" >\n\t\t\t\n\t\t\t\n\n\n  <div class=\"banner has-hover bg-fade-out\" id=\"banner-1287093326\">\n          <div class=\"banner-inner fill\">\n        <div class=\"banner-bg fill\" >\n            <img loading=\"lazy\" decoding=\"async\" width=\"480\" height=\"480\" src=\"https:\/\/wecat.vn\/wp-content\/uploads\/2025\/11\/Huddle-Up-Lets-Go-GIF-by-Pudgy-Penguins-1.gif\" class=\"bg attachment-large size-large\" alt=\"\" \/>                                    \n                    <\/div>\n\t\t\t<div class=\"ux-shape-divider ux-shape-divider--top ux-shape-divider--style-curve\">\n\t\t<svg viewBox=\"0 0 1000 100\" xmlns=\"http:\/\/www.w3.org\/2000\/svg\" preserveAspectRatio=\"none\">\n\t<path class=\"ux-shape-fill\" d=\"M0 0C0 0 200 50 500 50C800 50 1000 0 1000 0V101H0V1V0Z\"\/>\n<\/svg>\n\t<\/div>\n\n        <div class=\"banner-layers container\">\n            <div class=\"fill banner-link\"><\/div>            \n\n\n        <\/div>\n      <\/div>\n\n            \n<style>\n#banner-1287093326 {\n  padding-top: 705px;\n  background-color: rgba(255, 255, 255, 0);\n}\n#banner-1287093326 .banner-bg img {\n  object-position: 72% 18%;\n}\n#banner-1287093326 .ux-shape-divider--top svg {\n  height: 150px;\n  --divider-top-width: 100%;\n}\n<\/style>\n  <\/div>\n\n\n\n\t\t<\/div>\n\t\t\t\t\t<\/div>\n\n\t\n\n<\/div>\n\n\t\t<\/div>\n\t\t\t\t\n<style>\n#col-1295317056 > .col-inner {\n  padding: 0px 0px 0px 0px;\n}\n<\/style>\n\t<\/div>\n\n\t\n\n<\/div>\n\n\t\t<\/div>\n\n\t\t\n<style>\n#section_391646276 {\n  padding-top: 70px;\n  padding-bottom: 70px;\n  background-color: rgba(225, 161, 161, 0.122);\n}\n@media (min-width:550px) {\n  #section_391646276 {\n    padding-top: 90px;\n    padding-bottom: 90px;\n  }\n}\n@media (min-width:850px) {\n  #section_391646276 {\n    padding-top: 10px;\n    padding-bottom: 10px;\n  }\n}\n<\/style>\n\t<\/section>\n\t\n\n\t<section class=\"section\" id=\"section_492860956\">\n\t\t<div class=\"section-bg fill\" >\n\t\t\t\t\t\t\t\t\t\n\t\t\t\n\n\t\t<\/div>\n\n\t\t\n\n\t\t<div class=\"section-content relative\">\n\t\t\t\n\n<div class=\"row row-collapse align-center\"  id=\"row-1726920150\">\n\n\n\t<div id=\"col-1694931752\" class=\"col medium-11 small-11 large-12\"  >\n\t\t\t\t<div class=\"col-inner\"  >\n\t\t\t\n\t\t\t\n\n<div class=\"row row-collapse align-equal align-center\"  id=\"row-1429929498\">\n\n\n\t<div id=\"col-507820939\" class=\"col medium-12 small-12 large-8 medium-col-first\"  >\n\t\t\t\t<div class=\"col-inner text-center\" style=\"background-color:rgb(255, 255, 255);\" >\n\t\t\t\n\t\t\t\n\n\n  <div class=\"banner has-hover bg-fade-out\" id=\"banner-528625519\">\n          <div class=\"banner-inner fill\">\n        <div class=\"banner-bg fill\" >\n            <img loading=\"lazy\" decoding=\"async\" width=\"600\" height=\"600\" src=\"https:\/\/wecat.vn\/wp-content\/uploads\/2025\/11\/School-Learn-GIF-by-Pudgy-Penguins.gif\" class=\"bg attachment-2048x2048 size-2048x2048\" alt=\"\" \/>                                    \n                    <\/div>\n\t\t\n        <div class=\"banner-layers container\">\n            <div class=\"fill banner-link\"><\/div>            \n\n\n        <\/div>\n      <\/div>\n\n            \n<style>\n#banner-528625519 {\n  padding-top: 528px;\n  background-color: rgba(255, 255, 255, 0);\n}\n#banner-528625519 .banner-bg img {\n  object-position: 39% 6%;\n}\n<\/style>\n  <\/div>\n\n\n\n\t\t<\/div>\n\t\t\t\t\t<\/div>\n\n\t\n\n\t<div id=\"col-12812355\" class=\"col medium-12 small-12 large-4\"  data-animate=\"fadeInLeft\">\n\t\t\t\t<div class=\"col-inner\"  >\n\t\t\t\n\t\t\t\n\n\t<div id=\"text-1045511693\" class=\"text\">\n\t\t\n\n<h1 class=\"alt-font\" data-animate=\"fadeInRight\"><b>N\u0103ng \u0111\u1ed9ng<br \/>S\u00e1ng t\u1ea1o<\/b><\/h1>\n\t\t\n<style>\n#text-1045511693 {\n  font-size: 4rem;\n  line-height: 1.7;\n  color: rgb(0, 0, 0);\n}\n#text-1045511693 > * {\n  color: rgb(0, 0, 0);\n}\n<\/style>\n\t<\/div>\n\t\n\n\t\t<\/div>\n\t\t\t\t\t<\/div>\n\n\t\n\n<\/div>\n\n\t\t<\/div>\n\t\t\t\t\n<style>\n#col-1694931752 > .col-inner {\n  padding: 0px 0px 0px 0px;\n}\n<\/style>\n\t<\/div>\n\n\t\n\n<\/div>\n\n\t\t<\/div>\n\n\t\t\n<style>\n#section_492860956 {\n  padding-top: 70px;\n  padding-bottom: 70px;\n  background-color: rgba(255, 255, 255, 0);\n}\n@media (min-width:550px) {\n  #section_492860956 {\n    padding-top: 90px;\n    padding-bottom: 90px;\n  }\n}\n@media (min-width:850px) {\n  #section_492860956 {\n    padding-top: 10px;\n    padding-bottom: 10px;\n  }\n}\n<\/style>\n\t<\/section>\n\t\n\n\t<section class=\"section\" id=\"section_1815247928\">\n\t\t<div class=\"section-bg fill\" >\n\t\t\t\t\t\t\t\t\t\n\t\t\t\n\n\t\t<\/div>\n\n\t\t\n\n\t\t<div class=\"section-content relative\">\n\t\t\t\n\n\t<div id=\"gap-431391361\" class=\"gap-element clearfix\" style=\"display:block; height:auto;\">\n\t\t\n<style>\n#gap-431391361 {\n  padding-top: 30px;\n}\n<\/style>\n\t<\/div>\n\t\n\n<div class=\"row\"  id=\"row-2038522060\">\n\n\n\t<div id=\"col-1132003893\" class=\"col small-12 large-12\"  >\n\t\t\t\t<div class=\"col-inner text-shadow-2\" style=\"background-color:rgba(0, 0, 0, 0);\" >\n\t\t\t\n\t\t\t\n\n<div class=\"row row-collapse align-middle\"  id=\"row-1727905291\">\n\n\n\t<div id=\"col-1587545691\" class=\"col medium-6 small-12 large-6\"  >\n\t\t\t\t<div class=\"col-inner text-center\"  >\n\t\t\t\n\t\t\t\n\n\t<div id=\"text-609881719\" class=\"text\">\n\t\t\n\n<div style=\"text-align: left; font-family: 'Montserrat', sans-serif; color: #000; padding: 20px;\">\n<h1 class=\"alt-font\" style=\"font-size: 2.5rem; font-weight: bold; margin-bottom: 20px;\"><strong>C\u00f9ng nhau ti\u1ebfn b\u1ed9, c\u00f9ng \u0111\u1ea1t t\u1ea7m cao.<\/strong><\/h1>\n<ul style=\"list-style: none; padding: 0;\">\n<li style=\"margin-bottom: 15px; font-size: 1.2rem;\"><span style=\"margin-right: 10px;\">\ud83c\udf3f<\/span> Ho\u00e0n thi\u1ec7n t\u1eeb nh\u00e2n vi\u00ean \u0111\u1ebfn quy tr\u00ecnh v\u1eadn h\u00e0nh.<\/li>\n<li style=\"margin-bottom: 15px; font-size: 1.2rem;\"><span style=\"margin-right: 10px;\">\u267b\ufe0f<\/span> Duy tr\u00ec ho\u1ea1t \u0111\u1ed9ng l\u00e2u d\u00e0i v\u00e0 \u1ed5n \u0111\u1ecbnh.<\/li>\n<li style=\"margin-bottom: 15px; font-size: 1.2rem;\"><span style=\"margin-right: 10px;\">\ud83d\udc65<\/span> Kh\u00f4ng gian l\u00e0m vi\u1ec7c th\u00e2n thi\u1ec7n, g\u1eafn b\u00f3 ch\u1eb7t ch\u1ebd.<\/li>\n<li style=\"margin-bottom: 15px; font-size: 1.2rem;\"><span style=\"margin-right: 10px;\">\ud83e\udd1d<\/span> \u0110\u1ed3ng h\u00e0nh th\u1ef1c t\u1ebf \u2013 kh\u00f4ng d\u1eebng \u1edf l\u1eddi h\u1ee9a.<\/li>\n<\/ul>\n<p><button style=\"background: #000; color: #fff; padding: 10px 20px; border: none; border-radius: 5px; font-weight: bold; cursor: pointer;\">Kh\u00e1m ph\u00e1<\/button><\/p>\n<\/div>\n\t\t\n<style>\n#text-609881719 {\n  font-size: 0.75rem;\n  line-height: 0.75;\n  color: rgb(0, 0, 0);\n}\n#text-609881719 > * {\n  color: rgb(0, 0, 0);\n}\n<\/style>\n\t<\/div>\n\t\n\n\t\t<\/div>\n\t\t\t\t\n<style>\n#col-1587545691 > .col-inner {\n  padding: 50px 5% 60px 5%;\n}\n@media (min-width:550px) {\n  #col-1587545691 > .col-inner {\n    padding: 0px 5% 0px 5%;\n  }\n}\n<\/style>\n\t<\/div>\n\n\t\n\n\t<div id=\"col-420363709\" class=\"col medium-6 small-12 large-6 small-col-first\"  >\n\t\t\t\t<div class=\"col-inner\"  >\n\t\t\t\n\t\t\t\n\n\n  <div class=\"banner has-hover\" id=\"banner-76756724\">\n          <div class=\"banner-inner fill\">\n        <div class=\"banner-bg fill\" >\n            <img loading=\"lazy\" decoding=\"async\" width=\"480\" height=\"480\" src=\"https:\/\/wecat.vn\/wp-content\/uploads\/2025\/11\/Coming-On-My-Way-GIF-by-Pudgy-Penguins.gif\" class=\"bg attachment-large size-large\" alt=\"\" \/>                                    \n                    <\/div>\n\t\t\n        <div class=\"banner-layers container\">\n            <div class=\"fill banner-link\"><\/div>            \n\n\n        <\/div>\n      <\/div>\n\n            \n<style>\n#banner-76756724 {\n  padding-top: 300px;\n  background-color: rgba(255, 255, 255, 0);\n}\n#banner-76756724 .banner-bg img {\n  object-position: 9% 14%;\n}\n@media (min-width:550px) {\n  #banner-76756724 {\n    padding-top: 400px;\n  }\n}\n<\/style>\n  <\/div>\n\n\n\n\t\t<\/div>\n\t\t\t\t\t<\/div>\n\n\t\n\n<\/div>\n\n\t\t<\/div>\n\t\t\t\t\t<\/div>\n\n\t\n\n\n<style>\n#row-2038522060 > .col > .col-inner {\n  background-color: rgb(31, 31, 31);\n}\n<\/style>\n<\/div>\n\n\t\t<\/div>\n\n\t\t\n<style>\n#section_1815247928 {\n  padding-top: 10px;\n  padding-bottom: 10px;\n  background-color: rgba(225, 161, 161, 0.122);\n}\n<\/style>\n\t<\/section>\n\t\n\n\t<section class=\"section dark\" id=\"section_1943241850\">\n\t\t<div class=\"section-bg fill\" >\n\t\t\t\t\t\t\t\t\t\n\t\t\t\n\n\t\t<\/div>\n\n\t\t\n\n\t\t<div class=\"section-content relative\">\n\t\t\t\n\n<div class=\"row\"  id=\"row-162630\">\n\n\n\t<div id=\"col-1416074498\" class=\"col medium-3 small-12 large-3\"  >\n\t\t\t\t<div class=\"col-inner text-center\"  >\n\t\t\t\n\t\t\t\n\n<p>428B Ph\u1ea1m Ph\u00fa Th\u1ee9, Th\u0103ng B\u00ecnh, \u0110\u00e0 N\u1eb5ng<\/p>\n\n\t\t<\/div>\n\t\t\t\t\t<\/div>\n\n\t\n\n\t<div id=\"col-378330653\" class=\"col medium-3 small-12 large-3\"  >\n\t\t\t\t<div class=\"col-inner text-center\"  >\n\t\t\t\n\t\t\t\n\n<p><a href=\"mailto:hrwecat@wecat.vn\">hrwecat@wecat.vn<\/a><\/p>\n\n\t\t<\/div>\n\t\t\t\t\t<\/div>\n\n\t\n\n\t<div id=\"col-1005998413\" class=\"col medium-3 small-12 large-3\"  >\n\t\t\t\t<div class=\"col-inner text-center\"  >\n\t\t\t\n\t\t\t\n\n<p><a href=\"https:\/\/wecat.vn\/index.php\/ve-chung-toi\/\">V\u1ec1 ch\u00fang t\u00f4i<\/a><br \/><a href=\"https:\/\/wecat.vn\/index.php\/tuyen-dung\/\">Tuy\u1ec3n d\u1ee5ng<\/a><\/p>\n\n\t\t<\/div>\n\t\t\t\t\t<\/div>\n\n\t\n\n\t<div id=\"col-566128153\" class=\"col medium-3 small-12 large-3\"  >\n\t\t\t\t<div class=\"col-inner text-center\"  >\n\t\t\t\n\t\t\t\n\n<p><a href=\"https:\/\/wecat.vn\/index.php\/lien-he\/\">Li\u00ean h\u1ec7<\/a><br \/><a href=\"https:\/\/wecat.vn\/index.php\/su-kien\/\">S\u1ef1 ki\u1ec7n<\/a><\/p>\n\n\t\t<\/div>\n\t\t\t\t\t<\/div>\n\n\t\n\n<\/div>\n<div class=\"social-icons follow-icons full-width text-center\" style=\"font-size:222%\"><a href=\"https:\/\/www.facebook.com\/teezworld1999\" target=\"_blank\" data-label=\"Facebook\" class=\"icon plain tooltip facebook\" title=\"Theo d\u00f5i tr\u00ean Facebook\" aria-label=\"Theo d\u00f5i tr\u00ean Facebook\" rel=\"noopener nofollow\"><i class=\"icon-facebook\" aria-hidden=\"true\"><\/i><\/a><a href=\"https:\/\/instagram.com\/Teezworld.vn\" target=\"_blank\" data-label=\"Instagram\" class=\"icon plain tooltip instagram\" title=\"Theo d\u00f5i tr\u00ean Instagram\" aria-label=\"Theo d\u00f5i tr\u00ean Instagram\" rel=\"noopener nofollow\"><i class=\"icon-instagram\" aria-hidden=\"true\"><\/i><\/a><a href=\"https:\/\/www.tiktok.com\/@teezworld.store?lang=en\" target=\"_blank\" data-label=\"TikTok\" class=\"icon plain tooltip tiktok\" title=\"Theo d\u00f5i tr\u00ean TikTok\" aria-label=\"Theo d\u00f5i tr\u00ean TikTok\" rel=\"noopener nofollow\"><i class=\"icon-tiktok\" aria-hidden=\"true\"><\/i><\/a><\/div>\n\n\n\t\t<\/div>\n\n\t\t\n<style>\n#section_1943241850 {\n  padding-top: 10px;\n  padding-bottom: 10px;\n  background-color: rgba(0, 0, 0, 0.762);\n}\n<\/style>\n\t<\/section>\n\t\n\n","protected":false},"excerpt":{"rendered":"","protected":false},"author":1,"featured_media":0,"parent":0,"menu_order":0,"comment_status":"closed","ping_status":"closed","template":"page-transparent-header-light.php","meta":{"footnotes":""},"class_list":["post-8","page","type-page","status-publish","hentry"],"_links":{"self":[{"href":"https:\/\/wecat.vn\/index.php\/wp-json\/wp\/v2\/pages\/8","targetHints":{"allow":["GET"]}}],"collection":[{"href":"https:\/\/wecat.vn\/index.php\/wp-json\/wp\/v2\/pages"}],"about":[{"href":"https:\/\/wecat.vn\/index.php\/wp-json\/wp\/v2\/types\/page"}],"author":[{"embeddable":true,"href":"https:\/\/wecat.vn\/index.php\/wp-json\/wp\/v2\/users\/1"}],"replies":[{"embeddable":true,"href":"https:\/\/wecat.vn\/index.php\/wp-json\/wp\/v2\/comments?post=8"}],"version-history":[{"count":58,"href":"https:\/\/wecat.vn\/index.php\/wp-json\/wp\/v2\/pages\/8\/revisions"}],"predecessor-version":[{"id":161,"href":"https:\/\/wecat.vn\/index.php\/wp-json\/wp\/v2\/pages\/8\/revisions\/161"}],"wp:attachment":[{"href":"https:\/\/wecat.vn\/index.php\/wp-json\/wp\/v2\/media?parent=8"}],"curies":[{"name":"wp","href":"https:\/\/api.w.org\/{rel}","templated":true}]}}